{"id":277,"date":"2023-10-29T15:53:19","date_gmt":"2023-10-29T14:53:19","guid":{"rendered":"http:\/\/stowarzyszeniemost.pl\/?page_id=277"},"modified":"2024-02-28T20:07:51","modified_gmt":"2024-02-28T19:07:51","slug":"plenermuzealny","status":"publish","type":"page","link":"http:\/\/stowarzyszeniemost.pl\/index.php\/plenermuzealny\/","title":{"rendered":"plenermuzealny"},"content":{"rendered":"\t\t<div data-elementor-type=\"wp-page\" data-elementor-id=\"277\" class=\"elementor elementor-277\">\n\t\t\t\t<div class=\"elementor-element elementor-element-72db0830 elementor-hidden-mobile e-flex e-con-boxed e-con e-parent\" data-id=\"72db0830\" data-element_type=\"container\" data-e-type=\"container\" data-settings=\"{&quot;background_background&quot;:&quot;classic&quot;}\">\n\t\t\t\t\t<div class=\"e-con-inner\">\n\t\t<div class=\"elementor-element elementor-element-7cf8b298 e-con-full elementor-hidden-mobile e-flex e-con e-child\" data-id=\"7cf8b298\" data-element_type=\"container\" data-e-type=\"container\" data-settings=\"{&quot;background_background&quot;:&quot;classic&quot;}\">\n\t\t\t\t<\/div>\n\t\t<div class=\"elementor-element elementor-element-7971572 e-con-full e-flex e-con e-child\" data-id=\"7971572\" data-element_type=\"container\" data-e-type=\"container\" data-settings=\"{&quot;background_background&quot;:&quot;classic&quot;}\">\n\t\t\t\t<div class=\"elementor-element elementor-element-56b40c97 elementor-widget elementor-widget-image\" data-id=\"56b40c97\" data-element_type=\"widget\" data-e-type=\"widget\" data-widget_type=\"image.default\">\n\t\t\t\t<div class=\"elementor-widget-container\">\n\t\t\t\t\t\t\t\t\t\t\t\t\t\t\t<img fetchpriority=\"high\" decoding=\"async\" width=\"800\" height=\"320\" src=\"https:\/\/stowarzyszeniemost.pl\/wp-content\/uploads\/2024\/02\/kwadrat_02.jpg\" class=\"attachment-large size-large wp-image-1514\" alt=\"\" srcset=\"https:\/\/stowarzyszeniemost.pl\/wp-content\/uploads\/2024\/02\/kwadrat_02.jpg 981w, https:\/\/stowarzyszeniemost.pl\/wp-content\/uploads\/2024\/02\/kwadrat_02-300x120.jpg 300w, https:\/\/stowarzyszeniemost.pl\/wp-content\/uploads\/2024\/02\/kwadrat_02-768x308.jpg 768w\" sizes=\"(max-width: 800px) 100vw, 800px\" \/>\t\t\t\t\t\t\t\t\t\t\t\t\t\t\t<\/div>\n\t\t\t\t<\/div>\n\t\t\t\t<\/div>\n\t\t<div class=\"elementor-element elementor-element-62bdc6c3 e-con-full elementor-hidden-mobile e-flex e-con e-child\" data-id=\"62bdc6c3\" data-element_type=\"container\" data-e-type=\"container\" data-settings=\"{&quot;background_background&quot;:&quot;classic&quot;}\">\n\t\t\t\t<\/div>\n\t\t\t\t\t<\/div>\n\t\t\t\t<\/div>\n\t\t<div class=\"elementor-element elementor-element-cb33bea elementor-hidden-desktop elementor-hidden-tablet e-flex e-con-boxed e-con e-parent\" data-id=\"cb33bea\" data-element_type=\"container\" data-e-type=\"container\" data-settings=\"{&quot;background_background&quot;:&quot;classic&quot;}\">\n\t\t\t\t\t<div class=\"e-con-inner\">\n\t\t<div class=\"elementor-element elementor-element-a9abdc0 e-con-full elementor-hidden-mobile e-flex e-con e-child\" data-id=\"a9abdc0\" data-element_type=\"container\" data-e-type=\"container\" data-settings=\"{&quot;background_background&quot;:&quot;classic&quot;}\">\n\t\t\t\t<\/div>\n\t\t<div class=\"elementor-element elementor-element-7d7e1a3 e-con-full e-flex e-con e-child\" data-id=\"7d7e1a3\" data-element_type=\"container\" data-e-type=\"container\" data-settings=\"{&quot;background_background&quot;:&quot;classic&quot;}\">\n\t\t\t\t<div class=\"elementor-element elementor-element-6cdb0b7 elementor-widget elementor-widget-image\" data-id=\"6cdb0b7\" data-element_type=\"widget\" data-e-type=\"widget\" data-widget_type=\"image.default\">\n\t\t\t\t<div class=\"elementor-widget-container\">\n\t\t\t\t\t\t\t\t\t\t\t\t\t\t\t<img decoding=\"async\" width=\"800\" height=\"534\" src=\"https:\/\/stowarzyszeniemost.pl\/wp-content\/uploads\/2024\/02\/kwadrat_04.jpg\" class=\"attachment-large size-large wp-image-1519\" alt=\"\" srcset=\"https:\/\/stowarzyszeniemost.pl\/wp-content\/uploads\/2024\/02\/kwadrat_04.jpg 973w, https:\/\/stowarzyszeniemost.pl\/wp-content\/uploads\/2024\/02\/kwadrat_04-300x200.jpg 300w, https:\/\/stowarzyszeniemost.pl\/wp-content\/uploads\/2024\/02\/kwadrat_04-768x513.jpg 768w\" sizes=\"(max-width: 800px) 100vw, 800px\" \/>\t\t\t\t\t\t\t\t\t\t\t\t\t\t\t<\/div>\n\t\t\t\t<\/div>\n\t\t\t\t<\/div>\n\t\t<div class=\"elementor-element elementor-element-cfa537b e-con-full elementor-hidden-mobile e-flex e-con e-child\" data-id=\"cfa537b\" data-element_type=\"container\" data-e-type=\"container\" data-settings=\"{&quot;background_background&quot;:&quot;classic&quot;}\">\n\t\t\t\t<\/div>\n\t\t\t\t\t<\/div>\n\t\t\t\t<\/div>\n\t\t<div class=\"elementor-element elementor-element-8221e22 e-flex e-con-boxed e-con e-parent\" data-id=\"8221e22\" data-element_type=\"container\" data-e-type=\"container\" data-settings=\"{&quot;background_background&quot;:&quot;classic&quot;}\">\n\t\t\t\t\t<div class=\"e-con-inner\">\n\t\t<div class=\"elementor-element elementor-element-e1fb495 e-con-full elementor-hidden-mobile e-flex e-con e-child\" data-id=\"e1fb495\" data-element_type=\"container\" data-e-type=\"container\" data-settings=\"{&quot;background_background&quot;:&quot;classic&quot;}\">\n\t\t\t\t<\/div>\n\t\t<div class=\"elementor-element elementor-element-dd29f82 e-con-full e-flex e-con e-child\" data-id=\"dd29f82\" data-element_type=\"container\" data-e-type=\"container\" data-settings=\"{&quot;background_background&quot;:&quot;classic&quot;}\">\n\t\t\t\t<div class=\"elementor-element elementor-element-28b9369 elementor-widget elementor-widget-heading\" data-id=\"28b9369\" data-element_type=\"widget\" data-e-type=\"widget\" data-widget_type=\"heading.default\">\n\t\t\t\t<div class=\"elementor-widget-container\">\n\t\t\t\t\t<h1 class=\"elementor-heading-title elementor-size-default\">PLENER <br>MUZEALNY<\/h1>\t\t\t\t<\/div>\n\t\t\t\t<\/div>\n\t\t\t\t<\/div>\n\t\t<div class=\"elementor-element elementor-element-80cac79 e-con-full elementor-hidden-mobile e-flex e-con e-child\" data-id=\"80cac79\" data-element_type=\"container\" data-e-type=\"container\" data-settings=\"{&quot;background_background&quot;:&quot;classic&quot;}\">\n\t\t\t\t<\/div>\n\t\t\t\t\t<\/div>\n\t\t\t\t<\/div>\n\t\t<div class=\"elementor-element elementor-element-6a059fe8 e-flex e-con-boxed e-con e-parent\" data-id=\"6a059fe8\" data-element_type=\"container\" data-e-type=\"container\">\n\t\t\t\t\t<div class=\"e-con-inner\">\n\t\t<div class=\"elementor-element elementor-element-7b3d0cb9 e-con-full elementor-hidden-mobile e-flex e-con e-child\" data-id=\"7b3d0cb9\" data-element_type=\"container\" data-e-type=\"container\" data-settings=\"{&quot;background_background&quot;:&quot;classic&quot;}\">\n\t\t\t\t<\/div>\n\t\t<div class=\"elementor-element elementor-element-60c1950d e-con-full e-flex e-con e-child\" data-id=\"60c1950d\" data-element_type=\"container\" data-e-type=\"container\" data-settings=\"{&quot;background_background&quot;:&quot;classic&quot;}\">\n\t\t\t\t<div class=\"elementor-element elementor-element-61148b8 elementor-widget elementor-widget-heading\" data-id=\"61148b8\" data-element_type=\"widget\" data-e-type=\"widget\" data-widget_type=\"heading.default\">\n\t\t\t\t<div class=\"elementor-widget-container\">\n\t\t\t\t\t<h3 class=\"elementor-heading-title elementor-size-default\">PRZEBUDOWA NADSA\u0143SKIEGO DEPTAKA - ULICY 22 STYCZNIA I WYBRZE\u017bA JANA PAW\u0141A II - MO\u017bE BY\u0106 OKAZJ\u0104 DO ZAPROJEKTOWANIA ZUPE\u0141NIE NOWEJ, PRZYJAZNEJ PIESZYM I ROWERZYSTOM PRZESTRZENI MIEJSKIEJ. \nPOMYS\u0141, BY JEDNO Z PRZ\u0118SE\u0141 STAREGO MOSTU KOLEJOWEGO S\u0141U\u017bY\u0141O EKSPOZYCJI MUZEALNEJ, ZAINSPIROWA\u0141 NAS DO WYJ\u015aCIA Z KULTUR\u0104 W PRZESTRZE\u0143 MIASTA, DO STWORZENIA MIEJSCA SPOTKA\u0143, KULTURY I ROZRYWKI. ZOBACZCIE NASZ\u0104 KONCEPCJ\u0118<\/h3>\t\t\t\t<\/div>\n\t\t\t\t<\/div>\n\t\t\t\t<\/div>\n\t\t<div class=\"elementor-element elementor-element-47c581cb e-con-full e-flex e-con e-child\" data-id=\"47c581cb\" data-element_type=\"container\" data-e-type=\"container\" data-settings=\"{&quot;background_background&quot;:&quot;classic&quot;}\">\n\t\t\t\t<\/div>\n\t\t\t\t\t<\/div>\n\t\t\t\t<\/div>\n\t\t<div class=\"elementor-element elementor-element-121b2763 e-flex e-con-boxed e-con e-parent\" data-id=\"121b2763\" data-element_type=\"container\" data-e-type=\"container\" data-settings=\"{&quot;background_background&quot;:&quot;classic&quot;}\">\n\t\t\t\t\t<div class=\"e-con-inner\">\n\t\t<div class=\"elementor-element elementor-element-4c67ec30 e-con-full elementor-hidden-mobile e-flex e-con e-child\" data-id=\"4c67ec30\" data-element_type=\"container\" data-e-type=\"container\" data-settings=\"{&quot;background_background&quot;:&quot;classic&quot;}\">\n\t\t\t\t<\/div>\n\t\t<a class=\"elementor-element elementor-element-416c4066 e-con-full e-flex e-con e-child\" data-id=\"416c4066\" data-element_type=\"container\" data-e-type=\"container\" data-settings=\"{&quot;background_background&quot;:&quot;classic&quot;}\" href=\"http:\/\/stowarzyszeniemost.pl\/index.php\/plener_01\/\">\n\t\t<div class=\"elementor-element elementor-element-7ee49464 e-flex e-con-boxed e-con e-child\" data-id=\"7ee49464\" data-element_type=\"container\" data-e-type=\"container\">\n\t\t\t\t\t<div class=\"e-con-inner\">\n\t\t\t\t<div class=\"elementor-element elementor-element-4c4145ca elementor-widget elementor-widget-heading\" data-id=\"4c4145ca\" data-element_type=\"widget\" data-e-type=\"widget\" data-widget_type=\"heading.default\">\n\t\t\t\t<div class=\"elementor-widget-container\">\n\t\t\t\t\t<h5 class=\"elementor-heading-title elementor-size-default\">PLENER MUZEALNY<\/h5>\t\t\t\t<\/div>\n\t\t\t\t<\/div>\n\t\t\t\t<div class=\"elementor-element elementor-element-5fdc141e elementor-widget elementor-widget-text-editor\" data-id=\"5fdc141e\" data-element_type=\"widget\" data-e-type=\"widget\" data-widget_type=\"text-editor.default\">\n\t\t\t\t<div class=\"elementor-widget-container\">\n\t\t\t\t\t\t\t\t\t<p>To pomys\u0142 na przestrze\u0144 rekreacyjn\u0105, na miejsce wypoczynku z szerokim widokiem na rzek\u0119 i otaczaj\u0105c\u0105 j\u0105 przyrod\u0119. Nowoczesny miejski bulwar, sk\u0142aniaj\u0105cy do zatrzymania si\u0119 i wsp\u00f3lnego sp\u0119dzania czasu.<\/p>\t\t\t\t\t\t\t\t<\/div>\n\t\t\t\t<\/div>\n\t\t\t\t\t<\/div>\n\t\t\t\t<\/div>\n\t\t\t\t<div class=\"elementor-element elementor-element-7ec03b6d elementor-view-default elementor-widget elementor-widget-icon\" data-id=\"7ec03b6d\" data-element_type=\"widget\" data-e-type=\"widget\" data-widget_type=\"icon.default\">\n\t\t\t\t<div class=\"elementor-widget-container\">\n\t\t\t\t\t\t\t<div class=\"elementor-icon-wrapper\">\n\t\t\t<div class=\"elementor-icon\">\n\t\t\t<svg xmlns=\"http:\/\/www.w3.org\/2000\/svg\" xmlns:xlink=\"http:\/\/www.w3.org\/1999\/xlink\" id=\"Layer_1\" x=\"0px\" y=\"0px\" viewBox=\"0 0 57.46 46.61\" style=\"enable-background:new 0 0 57.46 46.61;\" xml:space=\"preserve\"><style type=\"text\/css\">\t.st0{fill:#1D1D1B;}<\/style><g>\t<rect y=\"19.55\" class=\"st0\" width=\"52.21\" height=\"7.5\"><\/rect>\t\t\t<rect x=\"39.4\" y=\"-2.17\" transform=\"matrix(0.7071 -0.7071 0.7071 0.7071 2.5253 34.7034)\" class=\"st0\" width=\"7.5\" height=\"32.96\"><\/rect>\t\t\t<rect x=\"26.68\" y=\"28.55\" transform=\"matrix(0.7071 -0.7071 0.7071 0.7071 -10.2026 39.9754)\" class=\"st0\" width=\"32.96\" height=\"7.5\"><\/rect><\/g><\/svg>\t\t\t<\/div>\n\t\t<\/div>\n\t\t\t\t\t\t<\/div>\n\t\t\t\t<\/div>\n\t\t\t\t<\/a>\n\t\t<a class=\"elementor-element elementor-element-223ca5e9 e-con-full e-flex e-con e-child\" data-id=\"223ca5e9\" data-element_type=\"container\" data-e-type=\"container\" data-settings=\"{&quot;background_background&quot;:&quot;classic&quot;}\" href=\"http:\/\/stowarzyszeniemost.pl\/index.php\/biennale_most\/\">\n\t\t<div class=\"elementor-element elementor-element-4386041 e-flex e-con-boxed e-con e-child\" data-id=\"4386041\" data-element_type=\"container\" data-e-type=\"container\">\n\t\t\t\t\t<div class=\"e-con-inner\">\n\t\t\t\t<div class=\"elementor-element elementor-element-36aa20af elementor-widget elementor-widget-heading\" data-id=\"36aa20af\" data-element_type=\"widget\" data-e-type=\"widget\" data-widget_type=\"heading.default\">\n\t\t\t\t<div class=\"elementor-widget-container\">\n\t\t\t\t\t<h5 class=\"elementor-heading-title elementor-size-default\">BIENNALE MOST<\/h5>\t\t\t\t<\/div>\n\t\t\t\t<\/div>\n\t\t\t\t<div class=\"elementor-element elementor-element-52a79f34 elementor-widget elementor-widget-text-editor\" data-id=\"52a79f34\" data-element_type=\"widget\" data-e-type=\"widget\" data-widget_type=\"text-editor.default\">\n\t\t\t\t<div class=\"elementor-widget-container\">\n\t\t\t\t\t\t\t\t\t<p>Atrakcyjna przestrze\u0144 nad rzek\u0105, wyj\u0105tkowo wa\u017cny w dziejach miasta obiekt jakim jest most kolejowy oraz funkcjonuj\u0105ca przy nim przestrze\u0144 muzealno-wystawiennicza to olbrzymi potencja\u0142. Potencja\u0142 na nowe, promuj\u0105ce Przemy\u015bl wydarzenie kulturalne.<\/p>\t\t\t\t\t\t\t\t<\/div>\n\t\t\t\t<\/div>\n\t\t\t\t\t<\/div>\n\t\t\t\t<\/div>\n\t\t\t\t<div class=\"elementor-element elementor-element-26018a03 elementor-view-default elementor-widget elementor-widget-icon\" data-id=\"26018a03\" data-element_type=\"widget\" data-e-type=\"widget\" data-widget_type=\"icon.default\">\n\t\t\t\t<div class=\"elementor-widget-container\">\n\t\t\t\t\t\t\t<div class=\"elementor-icon-wrapper\">\n\t\t\t<div class=\"elementor-icon\">\n\t\t\t<svg xmlns=\"http:\/\/www.w3.org\/2000\/svg\" xmlns:xlink=\"http:\/\/www.w3.org\/1999\/xlink\" id=\"Layer_1\" x=\"0px\" y=\"0px\" viewBox=\"0 0 57.46 46.61\" style=\"enable-background:new 0 0 57.46 46.61;\" xml:space=\"preserve\"><style type=\"text\/css\">\t.st0{fill:#1D1D1B;}<\/style><g>\t<rect y=\"19.55\" class=\"st0\" width=\"52.21\" height=\"7.5\"><\/rect>\t\t\t<rect x=\"39.4\" y=\"-2.17\" transform=\"matrix(0.7071 -0.7071 0.7071 0.7071 2.5253 34.7034)\" class=\"st0\" width=\"7.5\" height=\"32.96\"><\/rect>\t\t\t<rect x=\"26.68\" y=\"28.55\" transform=\"matrix(0.7071 -0.7071 0.7071 0.7071 -10.2026 39.9754)\" class=\"st0\" width=\"32.96\" height=\"7.5\"><\/rect><\/g><\/svg>\t\t\t<\/div>\n\t\t<\/div>\n\t\t\t\t\t\t<\/div>\n\t\t\t\t<\/div>\n\t\t\t\t<\/a>\n\t\t<div class=\"elementor-element elementor-element-225eb0d6 e-con-full elementor-hidden-mobile e-flex e-con e-child\" data-id=\"225eb0d6\" data-element_type=\"container\" data-e-type=\"container\" data-settings=\"{&quot;background_background&quot;:&quot;classic&quot;}\">\n\t\t\t\t<\/div>\n\t\t\t\t\t<\/div>\n\t\t\t\t<\/div>\n\t\t<div class=\"elementor-element elementor-element-418a7a7 e-flex e-con-boxed e-con e-parent\" data-id=\"418a7a7\" data-element_type=\"container\" data-e-type=\"container\" data-settings=\"{&quot;background_background&quot;:&quot;classic&quot;}\">\n\t\t\t\t\t<div class=\"e-con-inner\">\n\t\t<div class=\"elementor-element elementor-element-ae5ed54 e-con-full elementor-hidden-mobile e-flex e-con e-child\" data-id=\"ae5ed54\" data-element_type=\"container\" data-e-type=\"container\" data-settings=\"{&quot;background_background&quot;:&quot;classic&quot;}\">\n\t\t\t\t<\/div>\n\t\t<a class=\"elementor-element elementor-element-2c42304 e-con-full e-flex e-con e-child\" data-id=\"2c42304\" data-element_type=\"container\" data-e-type=\"container\" data-settings=\"{&quot;background_background&quot;:&quot;classic&quot;}\" href=\"https:\/\/stowarzyszeniemost.pl\/index.php\/organizacja-przestrzeni\/\">\n\t\t<div class=\"elementor-element elementor-element-3301352 e-flex e-con-boxed e-con e-child\" data-id=\"3301352\" data-element_type=\"container\" data-e-type=\"container\">\n\t\t\t\t\t<div class=\"e-con-inner\">\n\t\t\t\t<div class=\"elementor-element elementor-element-e18408f elementor-widget elementor-widget-heading\" data-id=\"e18408f\" data-element_type=\"widget\" data-e-type=\"widget\" data-widget_type=\"heading.default\">\n\t\t\t\t<div class=\"elementor-widget-container\">\n\t\t\t\t\t<h5 class=\"elementor-heading-title elementor-size-default\">ORGANIZACJA RUCHU<\/h5>\t\t\t\t<\/div>\n\t\t\t\t<\/div>\n\t\t\t\t<div class=\"elementor-element elementor-element-9a45c68 elementor-widget elementor-widget-text-editor\" data-id=\"9a45c68\" data-element_type=\"widget\" data-e-type=\"widget\" data-widget_type=\"text-editor.default\">\n\t\t\t\t<div class=\"elementor-widget-container\">\n\t\t\t\t\t\t\t\t\tHarmonijne po\u0142\u0105czenie nowej funkcji mostu z rekreacyjnym charakterem bulwaru jest mo\u017cliwe dzi\u0119ki jednej prostej zmianie w organizacji ruchu.\t\t\t\t\t\t\t\t<\/div>\n\t\t\t\t<\/div>\n\t\t\t\t\t<\/div>\n\t\t\t\t<\/div>\n\t\t\t\t<div class=\"elementor-element elementor-element-79ea069 elementor-view-default elementor-widget elementor-widget-icon\" data-id=\"79ea069\" data-element_type=\"widget\" data-e-type=\"widget\" data-widget_type=\"icon.default\">\n\t\t\t\t<div class=\"elementor-widget-container\">\n\t\t\t\t\t\t\t<div class=\"elementor-icon-wrapper\">\n\t\t\t<div class=\"elementor-icon\">\n\t\t\t<svg xmlns=\"http:\/\/www.w3.org\/2000\/svg\" xmlns:xlink=\"http:\/\/www.w3.org\/1999\/xlink\" id=\"Layer_1\" x=\"0px\" y=\"0px\" viewBox=\"0 0 57.46 46.61\" style=\"enable-background:new 0 0 57.46 46.61;\" xml:space=\"preserve\"><style type=\"text\/css\">\t.st0{fill:#1D1D1B;}<\/style><g>\t<rect y=\"19.55\" class=\"st0\" width=\"52.21\" height=\"7.5\"><\/rect>\t\t\t<rect x=\"39.4\" y=\"-2.17\" transform=\"matrix(0.7071 -0.7071 0.7071 0.7071 2.5253 34.7034)\" class=\"st0\" width=\"7.5\" height=\"32.96\"><\/rect>\t\t\t<rect x=\"26.68\" y=\"28.55\" transform=\"matrix(0.7071 -0.7071 0.7071 0.7071 -10.2026 39.9754)\" class=\"st0\" width=\"32.96\" height=\"7.5\"><\/rect><\/g><\/svg>\t\t\t<\/div>\n\t\t<\/div>\n\t\t\t\t\t\t<\/div>\n\t\t\t\t<\/div>\n\t\t\t\t<\/a>\n\t\t<a class=\"elementor-element elementor-element-092caaf e-con-full e-flex e-con e-child\" data-id=\"092caaf\" data-element_type=\"container\" data-e-type=\"container\" data-settings=\"{&quot;background_background&quot;:&quot;classic&quot;}\" href=\"https:\/\/stowarzyszeniemost.pl\/index.php\/zniszczony-potencjal\/\">\n\t\t<div class=\"elementor-element elementor-element-1e08339 e-flex e-con-boxed e-con e-child\" data-id=\"1e08339\" data-element_type=\"container\" data-e-type=\"container\">\n\t\t\t\t\t<div class=\"e-con-inner\">\n\t\t\t\t<div class=\"elementor-element elementor-element-a62a696 elementor-widget elementor-widget-heading\" data-id=\"a62a696\" data-element_type=\"widget\" data-e-type=\"widget\" data-widget_type=\"heading.default\">\n\t\t\t\t<div class=\"elementor-widget-container\">\n\t\t\t\t\t<h5 class=\"elementor-heading-title elementor-size-default\">ZNISZCZONY POTENCJA\u0141\n<\/h5>\t\t\t\t<\/div>\n\t\t\t\t<\/div>\n\t\t\t\t<div class=\"elementor-element elementor-element-f31e8e9 elementor-widget elementor-widget-text-editor\" data-id=\"f31e8e9\" data-element_type=\"widget\" data-e-type=\"widget\" data-widget_type=\"text-editor.default\">\n\t\t\t\t<div class=\"elementor-widget-container\">\n\t\t\t\t\t\t\t\t\t<p>Opisywane tu pomys\u0142y mog\u0142yby doczeka\u0107 si\u0119 realizacji, gdyby miasto konsultowa\u0142o przebudow\u0119 Wybrze\u017ca ze stron\u0105 spo\u0142eczn\u0105: mieszka\u0144cami i organizacjami pozarz\u0105dowymi. Niestety, tak si\u0119 nie sta\u0142o<\/p>\t\t\t\t\t\t\t\t<\/div>\n\t\t\t\t<\/div>\n\t\t\t\t\t<\/div>\n\t\t\t\t<\/div>\n\t\t\t\t<div class=\"elementor-element elementor-element-5c1bafc elementor-view-default elementor-widget elementor-widget-icon\" data-id=\"5c1bafc\" data-element_type=\"widget\" data-e-type=\"widget\" data-widget_type=\"icon.default\">\n\t\t\t\t<div class=\"elementor-widget-container\">\n\t\t\t\t\t\t\t<div class=\"elementor-icon-wrapper\">\n\t\t\t<div class=\"elementor-icon\">\n\t\t\t<svg xmlns=\"http:\/\/www.w3.org\/2000\/svg\" xmlns:xlink=\"http:\/\/www.w3.org\/1999\/xlink\" id=\"Layer_1\" x=\"0px\" y=\"0px\" viewBox=\"0 0 57.46 46.61\" style=\"enable-background:new 0 0 57.46 46.61;\" xml:space=\"preserve\"><style type=\"text\/css\">\t.st0{fill:#1D1D1B;}<\/style><g>\t<rect y=\"19.55\" class=\"st0\" width=\"52.21\" height=\"7.5\"><\/rect>\t\t\t<rect x=\"39.4\" y=\"-2.17\" transform=\"matrix(0.7071 -0.7071 0.7071 0.7071 2.5253 34.7034)\" class=\"st0\" width=\"7.5\" height=\"32.96\"><\/rect>\t\t\t<rect x=\"26.68\" y=\"28.55\" transform=\"matrix(0.7071 -0.7071 0.7071 0.7071 -10.2026 39.9754)\" class=\"st0\" width=\"32.96\" height=\"7.5\"><\/rect><\/g><\/svg>\t\t\t<\/div>\n\t\t<\/div>\n\t\t\t\t\t\t<\/div>\n\t\t\t\t<\/div>\n\t\t\t\t<\/a>\n\t\t<div class=\"elementor-element elementor-element-d751294 e-con-full elementor-hidden-mobile e-flex e-con e-child\" data-id=\"d751294\" data-element_type=\"container\" data-e-type=\"container\" data-settings=\"{&quot;background_background&quot;:&quot;classic&quot;}\">\n\t\t\t\t<\/div>\n\t\t\t\t\t<\/div>\n\t\t\t\t<\/div>\n\t\t<div class=\"elementor-element elementor-element-f6064c7 e-flex e-con-boxed e-con e-parent\" data-id=\"f6064c7\" data-element_type=\"container\" data-e-type=\"container\">\n\t\t\t\t\t<div class=\"e-con-inner\">\n\t\t\t\t\t<\/div>\n\t\t\t\t<\/div>\n\t\t\t\t<\/div>\n\t\t","protected":false},"excerpt":{"rendered":"<p>PLENER MUZEALNY PRZEBUDOWA NADSA\u0143SKIEGO DEPTAKA &#8211; ULICY 22 STYCZNIA I WYBRZE\u017bA JANA PAW\u0141A II &#8211; MO\u017bE BY\u0106 OKAZJ\u0104 DO ZAPROJEKTOWANIA ZUPE\u0141NIE NOWEJ, PRZYJAZNEJ PIESZYM I ROWERZYSTOM PRZESTRZENI MIEJSKIEJ. POMYS\u0141, BY JEDNO Z PRZ\u0118SE\u0141 STAREGO MOSTU KOLEJOWEGO S\u0141U\u017bY\u0141O EKSPOZYCJI MUZEALNEJ, ZAINSPIROWA\u0141 NAS DO WYJ\u015aCIA Z KULTUR\u0104 W PRZESTRZE\u0143 MIASTA, DO STWORZENIA MIEJSCA SPOTKA\u0143, KULTURY I ROZRYWKI. [&hellip;]<\/p>\n","protected":false},"author":1,"featured_media":0,"parent":0,"menu_order":0,"comment_status":"closed","ping_status":"closed","template":"elementor_header_footer","meta":{"footnotes":""},"class_list":["post-277","page","type-page","status-publish","hentry"],"_links":{"self":[{"href":"http:\/\/stowarzyszeniemost.pl\/index.php\/wp-json\/wp\/v2\/pages\/277","targetHints":{"allow":["GET"]}}],"collection":[{"href":"http:\/\/stowarzyszeniemost.pl\/index.php\/wp-json\/wp\/v2\/pages"}],"about":[{"href":"http:\/\/stowarzyszeniemost.pl\/index.php\/wp-json\/wp\/v2\/types\/page"}],"author":[{"embeddable":true,"href":"http:\/\/stowarzyszeniemost.pl\/index.php\/wp-json\/wp\/v2\/users\/1"}],"replies":[{"embeddable":true,"href":"http:\/\/stowarzyszeniemost.pl\/index.php\/wp-json\/wp\/v2\/comments?post=277"}],"version-history":[{"count":122,"href":"http:\/\/stowarzyszeniemost.pl\/index.php\/wp-json\/wp\/v2\/pages\/277\/revisions"}],"predecessor-version":[{"id":1525,"href":"http:\/\/stowarzyszeniemost.pl\/index.php\/wp-json\/wp\/v2\/pages\/277\/revisions\/1525"}],"wp:attachment":[{"href":"http:\/\/stowarzyszeniemost.pl\/index.php\/wp-json\/wp\/v2\/media?parent=277"}],"curies":[{"name":"wp","href":"https:\/\/api.w.org\/{rel}","templated":true}]}}