{"id":402,"date":"2023-11-04T20:42:37","date_gmt":"2023-11-04T19:42:37","guid":{"rendered":"http:\/\/stowarzyszeniemost.pl\/?page_id=402"},"modified":"2024-02-06T10:24:00","modified_gmt":"2024-02-06T09:24:00","slug":"partycypacja","status":"publish","type":"page","link":"http:\/\/stowarzyszeniemost.pl\/index.php\/partycypacja\/","title":{"rendered":"partycypacja"},"content":{"rendered":"\t\t<div data-elementor-type=\"wp-page\" data-elementor-id=\"402\" class=\"elementor elementor-402\">\n\t\t\t\t<div class=\"elementor-element elementor-element-33cf117b e-flex e-con-boxed e-con e-parent\" data-id=\"33cf117b\" data-element_type=\"container\" data-e-type=\"container\" data-settings=\"{&quot;background_background&quot;:&quot;classic&quot;}\">\n\t\t\t\t\t<div class=\"e-con-inner\">\n\t\t<div class=\"elementor-element elementor-element-278502c7 e-con-full elementor-hidden-mobile e-flex e-con e-child\" data-id=\"278502c7\" data-element_type=\"container\" data-e-type=\"container\" data-settings=\"{&quot;background_background&quot;:&quot;classic&quot;}\">\n\t\t\t\t<\/div>\n\t\t<div class=\"elementor-element elementor-element-6e18fa6b e-con-full e-flex e-con e-child\" data-id=\"6e18fa6b\" data-element_type=\"container\" data-e-type=\"container\" data-settings=\"{&quot;background_background&quot;:&quot;classic&quot;}\">\n\t\t\t\t<div class=\"elementor-element elementor-element-78ed428 elementor-widget elementor-widget-image\" data-id=\"78ed428\" data-element_type=\"widget\" data-e-type=\"widget\" data-widget_type=\"image.default\">\n\t\t\t\t<div class=\"elementor-widget-container\">\n\t\t\t\t\t\t\t\t\t\t\t\t\t\t\t<img fetchpriority=\"high\" decoding=\"async\" width=\"539\" height=\"414\" src=\"http:\/\/stowarzyszeniemost.pl\/wp-content\/uploads\/2023\/11\/udzial.svg\" class=\"attachment-large size-large wp-image-1208\" alt=\"\" \/>\t\t\t\t\t\t\t\t\t\t\t\t\t\t\t<\/div>\n\t\t\t\t<\/div>\n\t\t\t\t<\/div>\n\t\t<div class=\"elementor-element elementor-element-7e633a7c e-con-full elementor-hidden-mobile e-flex e-con e-child\" data-id=\"7e633a7c\" data-element_type=\"container\" data-e-type=\"container\" data-settings=\"{&quot;background_background&quot;:&quot;classic&quot;}\">\n\t\t\t\t<\/div>\n\t\t\t\t\t<\/div>\n\t\t\t\t<\/div>\n\t\t<div class=\"elementor-element elementor-element-33bdb3b e-flex e-con-boxed e-con e-parent\" data-id=\"33bdb3b\" data-element_type=\"container\" data-e-type=\"container\" data-settings=\"{&quot;background_background&quot;:&quot;classic&quot;}\">\n\t\t\t\t\t<div class=\"e-con-inner\">\n\t\t<div class=\"elementor-element elementor-element-8e6dca8 e-con-full elementor-hidden-mobile e-flex e-con e-child\" data-id=\"8e6dca8\" data-element_type=\"container\" data-e-type=\"container\" data-settings=\"{&quot;background_background&quot;:&quot;classic&quot;}\">\n\t\t\t\t<\/div>\n\t\t<div class=\"elementor-element elementor-element-906ee05 e-con-full e-flex e-con e-child\" data-id=\"906ee05\" data-element_type=\"container\" data-e-type=\"container\" data-settings=\"{&quot;background_background&quot;:&quot;classic&quot;}\">\n\t\t\t\t<div class=\"elementor-element elementor-element-28812c6 elementor-widget elementor-widget-heading\" data-id=\"28812c6\" data-element_type=\"widget\" data-e-type=\"widget\" data-widget_type=\"heading.default\">\n\t\t\t\t<div class=\"elementor-widget-container\">\n\t\t\t\t\t<h5 class=\"elementor-heading-title elementor-size-default\">PARTYCYPACJA SPO\u0141ECZNA OZNACZA ZAANGA\u017bOWANIE OBYWATELI W DZIA\u0141ANIA ZBIOROWE NA\nRZECZ SPO\u0141ECZNO\u015aCI, DO KT\u00d3REJ PRZYNALE\u017b\u0104 LUB W KT\u00d3REJ \u017bYCIE SI\u0118 ANGA\u017bUJ\u0104.\nTO AKTYWNE UCZESTNICTWO OBYWATELI W PODEJMOWANIU DECYZJI, KT\u00d3RE MAJ\u0104 BEZPO\u015aREDNI\nZWI\u0104ZEK Z FUNKCJONOWANIEM SPO\u0141ECZNO\u015aCI, KT\u00d3RYCH S\u0104 CZ\u0141ONKAMI.<\/h5>\t\t\t\t<\/div>\n\t\t\t\t<\/div>\n\t\t\t\t<\/div>\n\t\t<div class=\"elementor-element elementor-element-369d291 e-con-full e-flex e-con e-child\" data-id=\"369d291\" data-element_type=\"container\" data-e-type=\"container\" data-settings=\"{&quot;background_background&quot;:&quot;classic&quot;}\">\n\t\t\t\t<\/div>\n\t\t\t\t\t<\/div>\n\t\t\t\t<\/div>\n\t\t<div class=\"elementor-element elementor-element-4da18c19 e-flex e-con-boxed e-con e-parent\" data-id=\"4da18c19\" data-element_type=\"container\" data-e-type=\"container\" data-settings=\"{&quot;background_background&quot;:&quot;classic&quot;}\">\n\t\t\t\t\t<div class=\"e-con-inner\">\n\t\t<div class=\"elementor-element elementor-element-214d8261 e-con-full elementor-hidden-mobile e-flex e-con e-child\" data-id=\"214d8261\" data-element_type=\"container\" data-e-type=\"container\" data-settings=\"{&quot;background_background&quot;:&quot;classic&quot;}\">\n\t\t\t\t<\/div>\n\t\t<a class=\"elementor-element elementor-element-261b8678 e-con-full e-flex e-con e-child\" data-id=\"261b8678\" data-element_type=\"container\" data-e-type=\"container\" data-settings=\"{&quot;background_background&quot;:&quot;classic&quot;}\" href=\"http:\/\/stowarzyszeniemost.pl\/index.php\/ankieta\/\">\n\t\t<div class=\"elementor-element elementor-element-187524d8 e-flex e-con-boxed e-con e-child\" data-id=\"187524d8\" data-element_type=\"container\" data-e-type=\"container\">\n\t\t\t\t\t<div class=\"e-con-inner\">\n\t\t\t\t<div class=\"elementor-element elementor-element-73f21c22 elementor-widget elementor-widget-heading\" data-id=\"73f21c22\" data-element_type=\"widget\" data-e-type=\"widget\" data-widget_type=\"heading.default\">\n\t\t\t\t<div class=\"elementor-widget-container\">\n\t\t\t\t\t<h5 class=\"elementor-heading-title elementor-size-default\">ANKIETA<\/h5>\t\t\t\t<\/div>\n\t\t\t\t<\/div>\n\t\t\t\t<div class=\"elementor-element elementor-element-339d59e1 elementor-widget elementor-widget-text-editor\" data-id=\"339d59e1\" data-element_type=\"widget\" data-e-type=\"widget\" data-widget_type=\"text-editor.default\">\n\t\t\t\t<div class=\"elementor-widget-container\">\n\t\t\t\t\t\t\t\t\tJak mieszka\u0144cy przemy\u015bla postrzegaj\u0105 wybrze\u017ce zasa\u0144skie? W okresie od sierpnia do pa\u017adziernika przebadali\u015bmy 800 respondent\u00f3w.\t\t\t\t\t\t\t\t<\/div>\n\t\t\t\t<\/div>\n\t\t\t\t<div class=\"elementor-element elementor-element-779f5c93 elementor-widget elementor-widget-counter\" data-id=\"779f5c93\" data-element_type=\"widget\" data-e-type=\"widget\" data-widget_type=\"counter.default\">\n\t\t\t\t<div class=\"elementor-widget-container\">\n\t\t\t\t\t\t\t<div class=\"elementor-counter\">\n\t\t\t\t\t\t<div class=\"elementor-counter-number-wrapper\">\n\t\t\t\t<span class=\"elementor-counter-number-prefix\"><\/span>\n\t\t\t\t<span class=\"elementor-counter-number\" data-duration=\"2000\" data-to-value=\"800\" data-from-value=\"0\" data-delimiter=\",\">0<\/span>\n\t\t\t\t<span class=\"elementor-counter-number-suffix\"><\/span>\n\t\t\t<\/div>\n\t\t<\/div>\n\t\t\t\t\t\t<\/div>\n\t\t\t\t<\/div>\n\t\t\t\t\t<\/div>\n\t\t\t\t<\/div>\n\t\t\t\t<div class=\"elementor-element elementor-element-401f218e elementor-view-default elementor-widget elementor-widget-icon\" data-id=\"401f218e\" data-element_type=\"widget\" data-e-type=\"widget\" data-widget_type=\"icon.default\">\n\t\t\t\t<div class=\"elementor-widget-container\">\n\t\t\t\t\t\t\t<div class=\"elementor-icon-wrapper\">\n\t\t\t<div class=\"elementor-icon\">\n\t\t\t<svg xmlns=\"http:\/\/www.w3.org\/2000\/svg\" xmlns:xlink=\"http:\/\/www.w3.org\/1999\/xlink\" id=\"Layer_1\" x=\"0px\" y=\"0px\" viewBox=\"0 0 57.46 46.61\" style=\"enable-background:new 0 0 57.46 46.61;\" xml:space=\"preserve\"><style type=\"text\/css\">\t.st0{fill:#1D1D1B;}<\/style><g>\t<rect y=\"19.55\" class=\"st0\" width=\"52.21\" height=\"7.5\"><\/rect>\t\t\t<rect x=\"39.4\" y=\"-2.17\" transform=\"matrix(0.7071 -0.7071 0.7071 0.7071 2.5253 34.7034)\" class=\"st0\" width=\"7.5\" height=\"32.96\"><\/rect>\t\t\t<rect x=\"26.68\" y=\"28.55\" transform=\"matrix(0.7071 -0.7071 0.7071 0.7071 -10.2026 39.9754)\" class=\"st0\" width=\"32.96\" height=\"7.5\"><\/rect><\/g><\/svg>\t\t\t<\/div>\n\t\t<\/div>\n\t\t\t\t\t\t<\/div>\n\t\t\t\t<\/div>\n\t\t\t\t<\/a>\n\t\t<a class=\"elementor-element elementor-element-6bb959c5 e-con-full e-flex e-con e-child\" data-id=\"6bb959c5\" data-element_type=\"container\" data-e-type=\"container\" data-settings=\"{&quot;background_background&quot;:&quot;classic&quot;}\" href=\"https:\/\/stowarzyszeniemost.pl\/index.php\/stare_miasto_mlode_miasto\/\">\n\t\t<div class=\"elementor-element elementor-element-5e44a79a e-flex e-con-boxed e-con e-child\" data-id=\"5e44a79a\" data-element_type=\"container\" data-e-type=\"container\">\n\t\t\t\t\t<div class=\"e-con-inner\">\n\t\t\t\t<div class=\"elementor-element elementor-element-51f4d32a elementor-widget elementor-widget-heading\" data-id=\"51f4d32a\" data-element_type=\"widget\" data-e-type=\"widget\" data-widget_type=\"heading.default\">\n\t\t\t\t<div class=\"elementor-widget-container\">\n\t\t\t\t\t<h5 class=\"elementor-heading-title elementor-size-default\">STARE MIASTO - M\u0141ODE MIASTO<\/h5>\t\t\t\t<\/div>\n\t\t\t\t<\/div>\n\t\t\t\t<div class=\"elementor-element elementor-element-48ff4154 elementor-widget elementor-widget-text-editor\" data-id=\"48ff4154\" data-element_type=\"widget\" data-e-type=\"widget\" data-widget_type=\"text-editor.default\">\n\t\t\t\t<div class=\"elementor-widget-container\">\n\t\t\t\t\t\t\t\t\t<p>Jak m\u0142odzi Przemy\u015blanie czuj\u0105 si\u0119 w swoim mie\u015bcie? Gdyby mogli decydowa\u0107, to co by zmienili? Czy czuj\u0105, \u017ce ich potrzeby s\u0105 rzeczywi\u015bcie znane i s\u0142uchane przez doros\u0142ych? Czy mog\u0105 wsp\u00f3\u0142decydowa\u0107 o jako\u015bci swojej \u017cyciowej przestrzeni?<\/p>\t\t\t\t\t\t\t\t<\/div>\n\t\t\t\t<\/div>\n\t\t\t\t\t<\/div>\n\t\t\t\t<\/div>\n\t\t\t\t<div class=\"elementor-element elementor-element-659db49 elementor-view-default elementor-widget elementor-widget-icon\" data-id=\"659db49\" data-element_type=\"widget\" data-e-type=\"widget\" data-widget_type=\"icon.default\">\n\t\t\t\t<div class=\"elementor-widget-container\">\n\t\t\t\t\t\t\t<div class=\"elementor-icon-wrapper\">\n\t\t\t<div class=\"elementor-icon\">\n\t\t\t<svg xmlns=\"http:\/\/www.w3.org\/2000\/svg\" xmlns:xlink=\"http:\/\/www.w3.org\/1999\/xlink\" id=\"Layer_1\" x=\"0px\" y=\"0px\" viewBox=\"0 0 57.46 46.61\" style=\"enable-background:new 0 0 57.46 46.61;\" xml:space=\"preserve\"><style type=\"text\/css\">\t.st0{fill:#1D1D1B;}<\/style><g>\t<rect y=\"19.55\" class=\"st0\" width=\"52.21\" height=\"7.5\"><\/rect>\t\t\t<rect x=\"39.4\" y=\"-2.17\" transform=\"matrix(0.7071 -0.7071 0.7071 0.7071 2.5253 34.7034)\" class=\"st0\" width=\"7.5\" height=\"32.96\"><\/rect>\t\t\t<rect x=\"26.68\" y=\"28.55\" transform=\"matrix(0.7071 -0.7071 0.7071 0.7071 -10.2026 39.9754)\" class=\"st0\" width=\"32.96\" height=\"7.5\"><\/rect><\/g><\/svg>\t\t\t<\/div>\n\t\t<\/div>\n\t\t\t\t\t\t<\/div>\n\t\t\t\t<\/div>\n\t\t\t\t<\/a>\n\t\t<div class=\"elementor-element elementor-element-34242c2e e-con-full elementor-hidden-mobile e-flex e-con e-child\" data-id=\"34242c2e\" data-element_type=\"container\" data-e-type=\"container\" data-settings=\"{&quot;background_background&quot;:&quot;classic&quot;}\">\n\t\t\t\t<\/div>\n\t\t\t\t\t<\/div>\n\t\t\t\t<\/div>\n\t\t<div class=\"elementor-element elementor-element-551a62da e-con-full e-flex e-con e-child\" data-id=\"551a62da\" data-element_type=\"container\" data-e-type=\"container\">\n\t\t\t\t<\/div>\n\t\t<div class=\"elementor-element elementor-element-81ac940 e-flex e-con-boxed e-con e-parent\" data-id=\"81ac940\" data-element_type=\"container\" data-e-type=\"container\">\n\t\t\t\t\t<div class=\"e-con-inner\">\n\t\t\t\t\t<\/div>\n\t\t\t\t<\/div>\n\t\t\t\t<\/div>\n\t\t","protected":false},"excerpt":{"rendered":"<p>PARTYCYPACJA SPO\u0141ECZNA OZNACZA ZAANGA\u017bOWANIE OBYWATELI W DZIA\u0141ANIA ZBIOROWE NA RZECZ SPO\u0141ECZNO\u015aCI, DO KT\u00d3REJ PRZYNALE\u017b\u0104 LUB W KT\u00d3REJ \u017bYCIE SI\u0118 ANGA\u017bUJ\u0104. TO AKTYWNE UCZESTNICTWO OBYWATELI W PODEJMOWANIU DECYZJI, KT\u00d3RE MAJ\u0104 BEZPO\u015aREDNI ZWI\u0104ZEK Z FUNKCJONOWANIEM SPO\u0141ECZNO\u015aCI, KT\u00d3RYCH S\u0104 CZ\u0141ONKAMI. ANKIETA Jak mieszka\u0144cy przemy\u015bla postrzegaj\u0105 wybrze\u017ce zasa\u0144skie? W okresie od sierpnia do pa\u017adziernika przebadali\u015bmy 800 respondent\u00f3w. 0 STARE [&hellip;]<\/p>\n","protected":false},"author":1,"featured_media":0,"parent":0,"menu_order":0,"comment_status":"closed","ping_status":"closed","template":"elementor_header_footer","meta":{"footnotes":""},"class_list":["post-402","page","type-page","status-publish","hentry"],"_links":{"self":[{"href":"http:\/\/stowarzyszeniemost.pl\/index.php\/wp-json\/wp\/v2\/pages\/402","targetHints":{"allow":["GET"]}}],"collection":[{"href":"http:\/\/stowarzyszeniemost.pl\/index.php\/wp-json\/wp\/v2\/pages"}],"about":[{"href":"http:\/\/stowarzyszeniemost.pl\/index.php\/wp-json\/wp\/v2\/types\/page"}],"author":[{"embeddable":true,"href":"http:\/\/stowarzyszeniemost.pl\/index.php\/wp-json\/wp\/v2\/users\/1"}],"replies":[{"embeddable":true,"href":"http:\/\/stowarzyszeniemost.pl\/index.php\/wp-json\/wp\/v2\/comments?post=402"}],"version-history":[{"count":31,"href":"http:\/\/stowarzyszeniemost.pl\/index.php\/wp-json\/wp\/v2\/pages\/402\/revisions"}],"predecessor-version":[{"id":1290,"href":"http:\/\/stowarzyszeniemost.pl\/index.php\/wp-json\/wp\/v2\/pages\/402\/revisions\/1290"}],"wp:attachment":[{"href":"http:\/\/stowarzyszeniemost.pl\/index.php\/wp-json\/wp\/v2\/media?parent=402"}],"curies":[{"name":"wp","href":"https:\/\/api.w.org\/{rel}","templated":true}]}}