{"id":1740,"date":"2024-03-25T06:55:24","date_gmt":"2024-03-25T05:55:24","guid":{"rendered":"https:\/\/stowarzyszeniemost.pl\/?page_id=1740"},"modified":"2024-04-23T17:09:25","modified_gmt":"2024-04-23T15:09:25","slug":"lista-poparcia","status":"publish","type":"page","link":"https:\/\/stowarzyszeniemost.pl\/index.php\/lista-poparcia\/","title":{"rendered":"lista poparcia"},"content":{"rendered":"\t\t<div data-elementor-type=\"wp-page\" data-elementor-id=\"1740\" class=\"elementor elementor-1740\">\n\t\t\t\t<div class=\"elementor-element elementor-element-56f42efe e-flex e-con-boxed e-con e-parent\" data-id=\"56f42efe\" data-element_type=\"container\" data-e-type=\"container\">\n\t\t\t\t\t<div class=\"e-con-inner\">\n\t\t<div class=\"elementor-element elementor-element-635221ec e-con-full elementor-hidden-mobile e-flex e-con e-child\" data-id=\"635221ec\" data-element_type=\"container\" data-e-type=\"container\" data-settings=\"{&quot;background_background&quot;:&quot;classic&quot;}\">\n\t\t\t\t<\/div>\n\t\t<div class=\"elementor-element elementor-element-1196bf7b e-con-full e-flex e-con e-child\" data-id=\"1196bf7b\" data-element_type=\"container\" data-e-type=\"container\" data-settings=\"{&quot;background_background&quot;:&quot;classic&quot;}\">\n\t\t<div class=\"elementor-element elementor-element-5823512 e-flex e-con-boxed e-con e-child\" data-id=\"5823512\" data-element_type=\"container\" data-e-type=\"container\">\n\t\t\t\t\t<div class=\"e-con-inner\">\n\t\t\t\t<div class=\"elementor-element elementor-element-40564fd elementor-widget elementor-widget-counter\" data-id=\"40564fd\" data-element_type=\"widget\" data-e-type=\"widget\" data-widget_type=\"counter.default\">\n\t\t\t\t<div class=\"elementor-widget-container\">\n\t\t\t\t\t\t\t<div class=\"elementor-counter\">\n\t\t\t\t\t\t<div class=\"elementor-counter-number-wrapper\">\n\t\t\t\t<span class=\"elementor-counter-number-prefix\"><\/span>\n\t\t\t\t<span class=\"elementor-counter-number\" data-duration=\"2000\" data-to-value=\"849\" data-from-value=\"0\" data-delimiter=\",\">0<\/span>\n\t\t\t\t<span class=\"elementor-counter-number-suffix\"><\/span>\n\t\t\t<\/div>\n\t\t<\/div>\n\t\t\t\t\t\t<\/div>\n\t\t\t\t<\/div>\n\t\t\t\t\t<\/div>\n\t\t\t\t<\/div>\n\t\t\t\t<div class=\"elementor-element elementor-element-3e27eb0b elementor-widget elementor-widget-heading\" data-id=\"3e27eb0b\" data-element_type=\"widget\" data-e-type=\"widget\" data-widget_type=\"heading.default\">\n\t\t\t\t<div class=\"elementor-widget-container\">\n\t\t\t\t\t<h1 class=\"elementor-heading-title elementor-size-default\">PODPISY ZEBRALI\u015aMY\nZ WYMAGANYCH 300<\/h1>\t\t\t\t<\/div>\n\t\t\t\t<\/div>\n\t\t\t\t<\/div>\n\t\t<div class=\"elementor-element elementor-element-456e369c e-con-full elementor-hidden-mobile e-flex e-con e-child\" data-id=\"456e369c\" data-element_type=\"container\" data-e-type=\"container\" data-settings=\"{&quot;background_background&quot;:&quot;classic&quot;}\">\n\t\t\t\t<\/div>\n\t\t\t\t\t<\/div>\n\t\t\t\t<\/div>\n\t\t<div class=\"elementor-element elementor-element-cb50007 e-flex e-con-boxed e-con e-parent\" data-id=\"cb50007\" data-element_type=\"container\" data-e-type=\"container\">\n\t\t\t\t\t<div class=\"e-con-inner\">\n\t\t<div class=\"elementor-element elementor-element-e890433 e-con-full elementor-hidden-mobile e-flex e-con e-child\" data-id=\"e890433\" data-element_type=\"container\" data-e-type=\"container\" data-settings=\"{&quot;background_background&quot;:&quot;classic&quot;}\">\n\t\t\t\t<\/div>\n\t\t<div class=\"elementor-element elementor-element-9037056 e-con-full e-flex e-con e-child\" data-id=\"9037056\" data-element_type=\"container\" data-e-type=\"container\" data-settings=\"{&quot;background_background&quot;:&quot;classic&quot;}\">\n\t\t\t\t<div class=\"elementor-element elementor-element-234446b elementor-widget elementor-widget-heading\" data-id=\"234446b\" data-element_type=\"widget\" data-e-type=\"widget\" data-widget_type=\"heading.default\">\n\t\t\t\t<div class=\"elementor-widget-container\">\n\t\t\t\t\t<h3 class=\"elementor-heading-title elementor-size-default\">DZI\u0118KUJEMY! NAST\u0118PNY ETAP TO G\u0141OSOWANIE PRZEZ RAD\u0118 MIASTA. UCHWA\u0141A MA POPARCIE KO, PIS I NASZEGO PRZEMY\u015aLA. JE\u015aLI RADNI NIE ZMIENI\u0104 PRZEDWYBORCZYCH DEKLARACJI URATUJEMY WYBRZE\u017bE. <\/h3>\t\t\t\t<\/div>\n\t\t\t\t<\/div>\n\t\t\t\t<\/div>\n\t\t<div class=\"elementor-element elementor-element-7208218 e-con-full elementor-hidden-mobile e-flex e-con e-child\" data-id=\"7208218\" data-element_type=\"container\" data-e-type=\"container\" data-settings=\"{&quot;background_background&quot;:&quot;classic&quot;}\">\n\t\t\t\t<\/div>\n\t\t\t\t\t<\/div>\n\t\t\t\t<\/div>\n\t\t<div class=\"elementor-element elementor-element-810aa33 e-flex e-con-boxed e-con e-parent\" data-id=\"810aa33\" data-element_type=\"container\" data-e-type=\"container\" data-settings=\"{&quot;background_background&quot;:&quot;classic&quot;}\">\n\t\t\t\t\t<div class=\"e-con-inner\">\n\t\t<div class=\"elementor-element elementor-element-0c90009 e-con-full elementor-hidden-mobile e-flex e-con e-child\" data-id=\"0c90009\" data-element_type=\"container\" data-e-type=\"container\" data-settings=\"{&quot;background_background&quot;:&quot;classic&quot;}\">\n\t\t\t\t<\/div>\n\t\t<a class=\"elementor-element elementor-element-8c1ccd5 e-con-full e-flex e-con e-child\" data-id=\"8c1ccd5\" data-element_type=\"container\" data-e-type=\"container\" data-settings=\"{&quot;background_background&quot;:&quot;classic&quot;}\" href=\"https:\/\/stowarzyszeniemost.pl\/index.php\/uchwala\/\">\n\t\t<div class=\"elementor-element elementor-element-61d51fda e-flex e-con-boxed e-con e-child\" data-id=\"61d51fda\" data-element_type=\"container\" data-e-type=\"container\">\n\t\t\t\t\t<div class=\"e-con-inner\">\n\t\t\t\t<div class=\"elementor-element elementor-element-8978171 elementor-widget elementor-widget-heading\" data-id=\"8978171\" data-element_type=\"widget\" data-e-type=\"widget\" data-widget_type=\"heading.default\">\n\t\t\t\t<div class=\"elementor-widget-container\">\n\t\t\t\t\t<h5 class=\"elementor-heading-title elementor-size-default\">SZCZEG\u00d3\u0141Y UCHWA\u0141Y<\/h5>\t\t\t\t<\/div>\n\t\t\t\t<\/div>\n\t\t\t\t<div class=\"elementor-element elementor-element-481bc9a elementor-widget elementor-widget-text-editor\" data-id=\"481bc9a\" data-element_type=\"widget\" data-e-type=\"widget\" data-widget_type=\"text-editor.default\">\n\t\t\t\t<div class=\"elementor-widget-container\">\n\t\t\t\t\t\t\t\t\tPoni\u017cej znajdziecie ca\u0142y tekst uchwa\u0142y, wraz z uzasadnieniem. Liczymy na Wasze poparcie!\n\n\t\t\t\t\t\t\t\t<\/div>\n\t\t\t\t<\/div>\n\t\t\t\t\t<\/div>\n\t\t\t\t<\/div>\n\t\t\t\t<div class=\"elementor-element elementor-element-7d73746 elementor-view-default elementor-widget elementor-widget-icon\" data-id=\"7d73746\" data-element_type=\"widget\" data-e-type=\"widget\" data-widget_type=\"icon.default\">\n\t\t\t\t<div class=\"elementor-widget-container\">\n\t\t\t\t\t\t\t<div class=\"elementor-icon-wrapper\">\n\t\t\t<div class=\"elementor-icon\">\n\t\t\t<svg xmlns=\"http:\/\/www.w3.org\/2000\/svg\" xmlns:xlink=\"http:\/\/www.w3.org\/1999\/xlink\" id=\"Layer_1\" x=\"0px\" y=\"0px\" viewBox=\"0 0 57.46 46.61\" style=\"enable-background:new 0 0 57.46 46.61;\" xml:space=\"preserve\"><style type=\"text\/css\">\t.st0{fill:#1D1D1B;}<\/style><g>\t<rect y=\"19.55\" class=\"st0\" width=\"52.21\" height=\"7.5\"><\/rect>\t\t\t<rect x=\"39.4\" y=\"-2.17\" transform=\"matrix(0.7071 -0.7071 0.7071 0.7071 2.5253 34.7034)\" class=\"st0\" width=\"7.5\" height=\"32.96\"><\/rect>\t\t\t<rect x=\"26.68\" y=\"28.55\" transform=\"matrix(0.7071 -0.7071 0.7071 0.7071 -10.2026 39.9754)\" class=\"st0\" width=\"32.96\" height=\"7.5\"><\/rect><\/g><\/svg>\t\t\t<\/div>\n\t\t<\/div>\n\t\t\t\t\t\t<\/div>\n\t\t\t\t<\/div>\n\t\t\t\t<\/a>\n\t\t<a class=\"elementor-element elementor-element-c7693a9 e-con-full e-flex e-con e-child\" data-id=\"c7693a9\" data-element_type=\"container\" data-e-type=\"container\" data-settings=\"{&quot;background_background&quot;:&quot;classic&quot;}\" href=\"https:\/\/stowarzyszeniemost.pl\/index.php\/bronimy-wybrzeza\/\">\n\t\t<div class=\"elementor-element elementor-element-69e5d54 e-flex e-con-boxed e-con e-child\" data-id=\"69e5d54\" data-element_type=\"container\" data-e-type=\"container\">\n\t\t\t\t\t<div class=\"e-con-inner\">\n\t\t\t\t<div class=\"elementor-element elementor-element-b8b9342 elementor-widget elementor-widget-heading\" data-id=\"b8b9342\" data-element_type=\"widget\" data-e-type=\"widget\" data-widget_type=\"heading.default\">\n\t\t\t\t<div class=\"elementor-widget-container\">\n\t\t\t\t\t<h5 class=\"elementor-heading-title elementor-size-default\">DLACZEGO MIESZKA\u0143CY<br>BRONI\u0104 WYBRZE\u017bA<\/h5>\t\t\t\t<\/div>\n\t\t\t\t<\/div>\n\t\t\t\t<div class=\"elementor-element elementor-element-72ae534 elementor-widget elementor-widget-text-editor\" data-id=\"72ae534\" data-element_type=\"widget\" data-e-type=\"widget\" data-widget_type=\"text-editor.default\">\n\t\t\t\t<div class=\"elementor-widget-container\">\n\t\t\t\t\t\t\t\t\tWybrze\u017ce nad Sanem to wyj\u0105tkowe miejsce, w kt\u00f3rym mo\u017cemy realizowa\u0107 nasze fundamentalne, \u017cyciowe potrzeby. Broni\u0105c Wybrze\u017ca, bronimy wi\u0119c naszych praw do dobrego \u017cycia w Przemy\u015blu.\t\t\t\t\t\t\t\t<\/div>\n\t\t\t\t<\/div>\n\t\t\t\t\t<\/div>\n\t\t\t\t<\/div>\n\t\t\t\t<div class=\"elementor-element elementor-element-539d413 elementor-view-default elementor-widget elementor-widget-icon\" data-id=\"539d413\" data-element_type=\"widget\" data-e-type=\"widget\" data-widget_type=\"icon.default\">\n\t\t\t\t<div class=\"elementor-widget-container\">\n\t\t\t\t\t\t\t<div class=\"elementor-icon-wrapper\">\n\t\t\t<div class=\"elementor-icon\">\n\t\t\t<svg xmlns=\"http:\/\/www.w3.org\/2000\/svg\" xmlns:xlink=\"http:\/\/www.w3.org\/1999\/xlink\" id=\"Layer_1\" x=\"0px\" y=\"0px\" viewBox=\"0 0 57.46 46.61\" style=\"enable-background:new 0 0 57.46 46.61;\" xml:space=\"preserve\"><style type=\"text\/css\">\t.st0{fill:#1D1D1B;}<\/style><g>\t<rect y=\"19.55\" class=\"st0\" width=\"52.21\" height=\"7.5\"><\/rect>\t\t\t<rect x=\"39.4\" y=\"-2.17\" transform=\"matrix(0.7071 -0.7071 0.7071 0.7071 2.5253 34.7034)\" class=\"st0\" width=\"7.5\" height=\"32.96\"><\/rect>\t\t\t<rect x=\"26.68\" y=\"28.55\" transform=\"matrix(0.7071 -0.7071 0.7071 0.7071 -10.2026 39.9754)\" class=\"st0\" width=\"32.96\" height=\"7.5\"><\/rect><\/g><\/svg>\t\t\t<\/div>\n\t\t<\/div>\n\t\t\t\t\t\t<\/div>\n\t\t\t\t<\/div>\n\t\t\t\t<\/a>\n\t\t<div class=\"elementor-element elementor-element-dede17d e-con-full elementor-hidden-mobile e-flex e-con e-child\" data-id=\"dede17d\" data-element_type=\"container\" data-e-type=\"container\" data-settings=\"{&quot;background_background&quot;:&quot;classic&quot;}\">\n\t\t\t\t<\/div>\n\t\t\t\t\t<\/div>\n\t\t\t\t<\/div>\n\t\t<div class=\"elementor-element elementor-element-5acbfe91 e-flex e-con-boxed e-con e-parent\" data-id=\"5acbfe91\" data-element_type=\"container\" data-e-type=\"container\" data-settings=\"{&quot;background_background&quot;:&quot;classic&quot;}\">\n\t\t\t\t\t<div class=\"e-con-inner\">\n\t\t<div class=\"elementor-element elementor-element-168341dc e-con-full elementor-hidden-mobile e-flex e-con e-child\" data-id=\"168341dc\" data-element_type=\"container\" data-e-type=\"container\" data-settings=\"{&quot;background_background&quot;:&quot;classic&quot;}\">\n\t\t\t\t<\/div>\n\t\t<a class=\"elementor-element elementor-element-68c4cc2e e-con-full e-flex e-con e-child\" data-id=\"68c4cc2e\" data-element_type=\"container\" data-e-type=\"container\" data-settings=\"{&quot;background_background&quot;:&quot;classic&quot;}\" href=\"http:\/\/stowarzyszeniemost.pl\/index.php\/ankieta\/\">\n\t\t<div class=\"elementor-element elementor-element-68da9b21 e-flex e-con-boxed e-con e-child\" data-id=\"68da9b21\" data-element_type=\"container\" data-e-type=\"container\">\n\t\t\t\t\t<div class=\"e-con-inner\">\n\t\t\t\t<div class=\"elementor-element elementor-element-4443c4b8 elementor-widget elementor-widget-heading\" data-id=\"4443c4b8\" data-element_type=\"widget\" data-e-type=\"widget\" data-widget_type=\"heading.default\">\n\t\t\t\t<div class=\"elementor-widget-container\">\n\t\t\t\t\t<h5 class=\"elementor-heading-title elementor-size-default\">ANKIETA<\/h5>\t\t\t\t<\/div>\n\t\t\t\t<\/div>\n\t\t\t\t<div class=\"elementor-element elementor-element-86d4103 elementor-widget elementor-widget-text-editor\" data-id=\"86d4103\" data-element_type=\"widget\" data-e-type=\"widget\" data-widget_type=\"text-editor.default\">\n\t\t\t\t<div class=\"elementor-widget-container\">\n\t\t\t\t\t\t\t\t\tJak mieszka\u0144cy przemy\u015bla postrzegaj\u0105 wybrze\u017ce zasa\u0144skie? W okresie od sierpnia do pa\u017adziernika przebadali\u015bmy 800 respondent\u00f3w.\t\t\t\t\t\t\t\t<\/div>\n\t\t\t\t<\/div>\n\t\t\t\t\t<\/div>\n\t\t\t\t<\/div>\n\t\t\t\t<div class=\"elementor-element elementor-element-2f20ece6 elementor-view-default elementor-widget elementor-widget-icon\" data-id=\"2f20ece6\" data-element_type=\"widget\" data-e-type=\"widget\" data-widget_type=\"icon.default\">\n\t\t\t\t<div class=\"elementor-widget-container\">\n\t\t\t\t\t\t\t<div class=\"elementor-icon-wrapper\">\n\t\t\t<div class=\"elementor-icon\">\n\t\t\t<svg xmlns=\"http:\/\/www.w3.org\/2000\/svg\" xmlns:xlink=\"http:\/\/www.w3.org\/1999\/xlink\" id=\"Layer_1\" x=\"0px\" y=\"0px\" viewBox=\"0 0 57.46 46.61\" style=\"enable-background:new 0 0 57.46 46.61;\" xml:space=\"preserve\"><style type=\"text\/css\">\t.st0{fill:#1D1D1B;}<\/style><g>\t<rect y=\"19.55\" class=\"st0\" width=\"52.21\" height=\"7.5\"><\/rect>\t\t\t<rect x=\"39.4\" y=\"-2.17\" transform=\"matrix(0.7071 -0.7071 0.7071 0.7071 2.5253 34.7034)\" class=\"st0\" width=\"7.5\" height=\"32.96\"><\/rect>\t\t\t<rect x=\"26.68\" y=\"28.55\" transform=\"matrix(0.7071 -0.7071 0.7071 0.7071 -10.2026 39.9754)\" class=\"st0\" width=\"32.96\" height=\"7.5\"><\/rect><\/g><\/svg>\t\t\t<\/div>\n\t\t<\/div>\n\t\t\t\t\t\t<\/div>\n\t\t\t\t<\/div>\n\t\t\t\t<\/a>\n\t\t<a class=\"elementor-element elementor-element-cfa45cd e-con-full e-flex e-con e-child\" data-id=\"cfa45cd\" data-element_type=\"container\" data-e-type=\"container\" data-settings=\"{&quot;background_background&quot;:&quot;classic&quot;}\" href=\"https:\/\/stowarzyszeniemost.pl\/index.php\/plenermuzealny\/\">\n\t\t<div class=\"elementor-element elementor-element-22c805d e-flex e-con-boxed e-con e-child\" data-id=\"22c805d\" data-element_type=\"container\" data-e-type=\"container\">\n\t\t\t\t\t<div class=\"e-con-inner\">\n\t\t\t\t<div class=\"elementor-element elementor-element-ca78d84 elementor-widget elementor-widget-heading\" data-id=\"ca78d84\" data-element_type=\"widget\" data-e-type=\"widget\" data-widget_type=\"heading.default\">\n\t\t\t\t<div class=\"elementor-widget-container\">\n\t\t\t\t\t<h5 class=\"elementor-heading-title elementor-size-default\">PLENER MUZEALNY<\/h5>\t\t\t\t<\/div>\n\t\t\t\t<\/div>\n\t\t\t\t<div class=\"elementor-element elementor-element-bdd058a elementor-widget elementor-widget-text-editor\" data-id=\"bdd058a\" data-element_type=\"widget\" data-e-type=\"widget\" data-widget_type=\"text-editor.default\">\n\t\t\t\t<div class=\"elementor-widget-container\">\n\t\t\t\t\t\t\t\t\t<p>Zachowanie historycznych prz\u0119se\u0142 mostu kolejowego i powstanie w jednym z nich ekspozycji muzealnej inspiruje do tworzenia nowej przestrzeni kulturalno-rozrywkowej, przyci\u0105gaj\u0105cej licznych mieszka\u0144c\u00f3w miasta<\/p>\t\t\t\t\t\t\t\t<\/div>\n\t\t\t\t<\/div>\n\t\t\t\t\t<\/div>\n\t\t\t\t<\/div>\n\t\t\t\t<div class=\"elementor-element elementor-element-df44715 elementor-view-default elementor-widget elementor-widget-icon\" data-id=\"df44715\" data-element_type=\"widget\" data-e-type=\"widget\" data-widget_type=\"icon.default\">\n\t\t\t\t<div class=\"elementor-widget-container\">\n\t\t\t\t\t\t\t<div class=\"elementor-icon-wrapper\">\n\t\t\t<div class=\"elementor-icon\">\n\t\t\t<svg xmlns=\"http:\/\/www.w3.org\/2000\/svg\" xmlns:xlink=\"http:\/\/www.w3.org\/1999\/xlink\" id=\"Layer_1\" x=\"0px\" y=\"0px\" viewBox=\"0 0 57.46 46.61\" style=\"enable-background:new 0 0 57.46 46.61;\" xml:space=\"preserve\"><style type=\"text\/css\">\t.st0{fill:#1D1D1B;}<\/style><g>\t<rect y=\"19.55\" class=\"st0\" width=\"52.21\" height=\"7.5\"><\/rect>\t\t\t<rect x=\"39.4\" y=\"-2.17\" transform=\"matrix(0.7071 -0.7071 0.7071 0.7071 2.5253 34.7034)\" class=\"st0\" width=\"7.5\" height=\"32.96\"><\/rect>\t\t\t<rect x=\"26.68\" y=\"28.55\" transform=\"matrix(0.7071 -0.7071 0.7071 0.7071 -10.2026 39.9754)\" class=\"st0\" width=\"32.96\" height=\"7.5\"><\/rect><\/g><\/svg>\t\t\t<\/div>\n\t\t<\/div>\n\t\t\t\t\t\t<\/div>\n\t\t\t\t<\/div>\n\t\t\t\t<\/a>\n\t\t<div class=\"elementor-element elementor-element-56eded4d e-con-full elementor-hidden-mobile e-flex e-con e-child\" data-id=\"56eded4d\" data-element_type=\"container\" data-e-type=\"container\" data-settings=\"{&quot;background_background&quot;:&quot;classic&quot;}\">\n\t\t\t\t<\/div>\n\t\t\t\t\t<\/div>\n\t\t\t\t<\/div>\n\t\t<div class=\"elementor-element elementor-element-439d78c e-flex e-con-boxed e-con e-parent\" data-id=\"439d78c\" data-element_type=\"container\" data-e-type=\"container\">\n\t\t\t\t\t<div class=\"e-con-inner\">\n\t\t\t\t\t<\/div>\n\t\t\t\t<\/div>\n\t\t\t\t<\/div>\n\t\t","protected":false},"excerpt":{"rendered":"<p>0 PODPISY ZEBRALI\u015aMY Z WYMAGANYCH 300 DZI\u0118KUJEMY! NAST\u0118PNY ETAP TO G\u0141OSOWANIE PRZEZ RAD\u0118 MIASTA. UCHWA\u0141A MA POPARCIE KO, PIS I NASZEGO PRZEMY\u015aLA. JE\u015aLI RADNI NIE ZMIENI\u0104 PRZEDWYBORCZYCH DEKLARACJI URATUJEMY WYBRZE\u017bE. SZCZEG\u00d3\u0141Y UCHWA\u0141Y Poni\u017cej znajdziecie ca\u0142y tekst uchwa\u0142y, wraz z uzasadnieniem. Liczymy na Wasze poparcie! DLACZEGO MIESZKA\u0143CYBRONI\u0104 WYBRZE\u017bA Wybrze\u017ce nad Sanem to wyj\u0105tkowe miejsce, w kt\u00f3rym [&hellip;]<\/p>\n","protected":false},"author":1,"featured_media":0,"parent":0,"menu_order":0,"comment_status":"closed","ping_status":"closed","template":"elementor_header_footer","meta":{"footnotes":""},"class_list":["post-1740","page","type-page","status-publish","hentry"],"_links":{"self":[{"href":"https:\/\/stowarzyszeniemost.pl\/index.php\/wp-json\/wp\/v2\/pages\/1740","targetHints":{"allow":["GET"]}}],"collection":[{"href":"https:\/\/stowarzyszeniemost.pl\/index.php\/wp-json\/wp\/v2\/pages"}],"about":[{"href":"https:\/\/stowarzyszeniemost.pl\/index.php\/wp-json\/wp\/v2\/types\/page"}],"author":[{"embeddable":true,"href":"https:\/\/stowarzyszeniemost.pl\/index.php\/wp-json\/wp\/v2\/users\/1"}],"replies":[{"embeddable":true,"href":"https:\/\/stowarzyszeniemost.pl\/index.php\/wp-json\/wp\/v2\/comments?post=1740"}],"version-history":[{"count":185,"href":"https:\/\/stowarzyszeniemost.pl\/index.php\/wp-json\/wp\/v2\/pages\/1740\/revisions"}],"predecessor-version":[{"id":2661,"href":"https:\/\/stowarzyszeniemost.pl\/index.php\/wp-json\/wp\/v2\/pages\/1740\/revisions\/2661"}],"wp:attachment":[{"href":"https:\/\/stowarzyszeniemost.pl\/index.php\/wp-json\/wp\/v2\/media?parent=1740"}],"curies":[{"name":"wp","href":"https:\/\/api.w.org\/{rel}","templated":true}]}}