{"id":22,"date":"2023-09-02T21:18:48","date_gmt":"2023-09-02T19:18:48","guid":{"rendered":"http:\/\/stowarzyszeniemost.pl\/?page_id=22"},"modified":"2024-10-30T19:29:43","modified_gmt":"2024-10-30T18:29:43","slug":"main","status":"publish","type":"page","link":"https:\/\/stowarzyszeniemost.pl\/","title":{"rendered":"main"},"content":{"rendered":"\t\t<div data-elementor-type=\"wp-page\" data-elementor-id=\"22\" class=\"elementor elementor-22\">\n\t\t\t\t<div class=\"elementor-element elementor-element-c51f069 e-flex e-con-boxed e-con e-parent\" data-id=\"c51f069\" data-element_type=\"container\" data-e-type=\"container\" data-settings=\"{&quot;background_background&quot;:&quot;classic&quot;}\">\n\t\t\t\t\t<div class=\"e-con-inner\">\n\t\t<div class=\"elementor-element elementor-element-42548a7 e-con-full elementor-hidden-mobile e-flex e-con e-child\" data-id=\"42548a7\" data-element_type=\"container\" data-e-type=\"container\" data-settings=\"{&quot;background_background&quot;:&quot;classic&quot;}\">\n\t\t\t\t<\/div>\n\t\t<div class=\"elementor-element elementor-element-d31a4d8 e-con-full e-flex e-con e-child\" data-id=\"d31a4d8\" data-element_type=\"container\" data-e-type=\"container\" data-settings=\"{&quot;background_background&quot;:&quot;classic&quot;}\">\n\t\t\t\t<div class=\"elementor-element elementor-element-f2418dd elementor-widget elementor-widget-heading\" data-id=\"f2418dd\" data-element_type=\"widget\" data-e-type=\"widget\" data-widget_type=\"heading.default\">\n\t\t\t\t<div class=\"elementor-widget-container\">\n\t\t\t\t\t<h2 class=\"elementor-heading-title elementor-size-default\">MIASTO TO CO\u015a WI\u0118CEJ NI\u017b PUNKT NA MAPIE. TO PRZEDE WSZYSTKIM, MY, JEGO MIESZKA\u0143CY. OD NAS, OD NASZEGO ZAANGA\u017bOWANIA, ZALE\u017bY JAKO\u015a\u0106 \u017bYCIA I ROZW\u00d3J WSP\u00d3LNOTY, KT\u00d3R\u0104 TWORZYMY.<\/h2>\t\t\t\t<\/div>\n\t\t\t\t<\/div>\n\t\t\t\t<\/div>\n\t\t<div class=\"elementor-element elementor-element-3184ecd e-con-full e-flex e-con e-child\" data-id=\"3184ecd\" data-element_type=\"container\" data-e-type=\"container\" data-settings=\"{&quot;background_background&quot;:&quot;classic&quot;}\">\n\t\t\t\t<\/div>\n\t\t\t\t\t<\/div>\n\t\t\t\t<\/div>\n\t\t<div class=\"elementor-element elementor-element-acef9ba e-flex e-con-boxed e-con e-parent\" data-id=\"acef9ba\" data-element_type=\"container\" data-e-type=\"container\" data-settings=\"{&quot;background_background&quot;:&quot;classic&quot;}\">\n\t\t\t\t\t<div class=\"e-con-inner\">\n\t\t<div class=\"elementor-element elementor-element-78210a1 e-con-full elementor-hidden-mobile e-flex e-con e-child\" data-id=\"78210a1\" data-element_type=\"container\" data-e-type=\"container\" data-settings=\"{&quot;background_background&quot;:&quot;classic&quot;}\">\n\t\t\t\t<\/div>\n\t\t<a class=\"elementor-element elementor-element-bf0d63c e-con-full e-flex e-con e-child\" data-id=\"bf0d63c\" data-element_type=\"container\" data-e-type=\"container\" data-settings=\"{&quot;background_background&quot;:&quot;classic&quot;}\" href=\"https:\/\/stowarzyszeniemost.pl\/index.php\/wybrzeze\/\">\n\t\t<div class=\"elementor-element elementor-element-a147287 e-flex e-con-boxed e-con e-child\" data-id=\"a147287\" data-element_type=\"container\" data-e-type=\"container\">\n\t\t\t\t\t<div class=\"e-con-inner\">\n\t\t\t\t<div class=\"elementor-element elementor-element-7f21700 elementor-widget elementor-widget-heading\" data-id=\"7f21700\" data-element_type=\"widget\" data-e-type=\"widget\" data-widget_type=\"heading.default\">\n\t\t\t\t<div class=\"elementor-widget-container\">\n\t\t\t\t\t<h5 class=\"elementor-heading-title elementor-size-default\">NOWE WYBRZE\u017bE<\/h5>\t\t\t\t<\/div>\n\t\t\t\t<\/div>\n\t\t\t\t<div class=\"elementor-element elementor-element-a062883 elementor-widget elementor-widget-text-editor\" data-id=\"a062883\" data-element_type=\"widget\" data-e-type=\"widget\" data-widget_type=\"text-editor.default\">\n\t\t\t\t<div class=\"elementor-widget-container\">\n\t\t\t\t\t\t\t\t\t<p>Spo\u0142eczna koncepcja organizacji ruchu i rewitalizacji Wybrze\u017ca. W ca\u0142ej naszej walce o Wybrze\u017ce chodzi bowiem przede wszystkim o to, by mogli Pa\u0144stwo zobaczy\u0107, wypowiedzie\u0107 si\u0119, oceni\u0107 r\u00f3\u017cne pomys\u0142y PRZED zleceniem przez miasto opracowania szczeg\u00f3\u0142owej dokumentacji projektowo-technicznej.<\/p>\t\t\t\t\t\t\t\t<\/div>\n\t\t\t\t<\/div>\n\t\t\t\t\t<\/div>\n\t\t\t\t<\/div>\n\t\t\t\t<div class=\"elementor-element elementor-element-55bed2e elementor-view-default elementor-widget elementor-widget-icon\" data-id=\"55bed2e\" data-element_type=\"widget\" data-e-type=\"widget\" data-widget_type=\"icon.default\">\n\t\t\t\t<div class=\"elementor-widget-container\">\n\t\t\t\t\t\t\t<div class=\"elementor-icon-wrapper\">\n\t\t\t<div class=\"elementor-icon\">\n\t\t\t<svg xmlns=\"http:\/\/www.w3.org\/2000\/svg\" xmlns:xlink=\"http:\/\/www.w3.org\/1999\/xlink\" id=\"Layer_1\" x=\"0px\" y=\"0px\" viewBox=\"0 0 57.46 46.61\" style=\"enable-background:new 0 0 57.46 46.61;\" xml:space=\"preserve\"><style type=\"text\/css\">\t.st0{fill:#1D1D1B;}<\/style><g>\t<rect y=\"19.55\" class=\"st0\" width=\"52.21\" height=\"7.5\"><\/rect>\t\t\t<rect x=\"39.4\" y=\"-2.17\" transform=\"matrix(0.7071 -0.7071 0.7071 0.7071 2.5253 34.7034)\" class=\"st0\" width=\"7.5\" height=\"32.96\"><\/rect>\t\t\t<rect x=\"26.68\" y=\"28.55\" transform=\"matrix(0.7071 -0.7071 0.7071 0.7071 -10.2026 39.9754)\" class=\"st0\" width=\"32.96\" height=\"7.5\"><\/rect><\/g><\/svg>\t\t\t<\/div>\n\t\t<\/div>\n\t\t\t\t\t\t<\/div>\n\t\t\t\t<\/div>\n\t\t\t\t<\/a>\n\t\t<a class=\"elementor-element elementor-element-8a6d604 e-con-full e-flex e-con e-child\" data-id=\"8a6d604\" data-element_type=\"container\" data-e-type=\"container\" data-settings=\"{&quot;background_background&quot;:&quot;classic&quot;}\" href=\"https:\/\/stowarzyszeniemost.pl\/index.php\/uchwala\/\">\n\t\t<div class=\"elementor-element elementor-element-c54b345 e-flex e-con-boxed e-con e-child\" data-id=\"c54b345\" data-element_type=\"container\" data-e-type=\"container\">\n\t\t\t\t\t<div class=\"e-con-inner\">\n\t\t\t\t<div class=\"elementor-element elementor-element-c995f9b elementor-widget elementor-widget-heading\" data-id=\"c995f9b\" data-element_type=\"widget\" data-e-type=\"widget\" data-widget_type=\"heading.default\">\n\t\t\t\t<div class=\"elementor-widget-container\">\n\t\t\t\t\t<h5 class=\"elementor-heading-title elementor-size-default\">CZAS NA UCHWA\u0141\u0118!<\/h5>\t\t\t\t<\/div>\n\t\t\t\t<\/div>\n\t\t\t\t<div class=\"elementor-element elementor-element-c1205b4 elementor-widget elementor-widget-text-editor\" data-id=\"c1205b4\" data-element_type=\"widget\" data-e-type=\"widget\" data-widget_type=\"text-editor.default\">\n\t\t\t\t<div class=\"elementor-widget-container\">\n\t\t\t\t\t\t\t\t\t<p>Mimo apeli i protest\u00f3w miasto kontynuuje szkodliw\u0105 inwestycje na wybrze\u017cu. Dlatego po raz pierwszy w historii Przemy\u015bla korzystamy z instrumentu, jakim jest obywatelska inicjatywa uchwa\u0142odawcza. Co najmniej 300 podpis\u00f3w pozwoli wprowadzi\u0107 spo\u0142eczny projekt na sesj\u0119 Rady Miejskiej w Przemy\u015blu<\/p>\t\t\t\t\t\t\t\t<\/div>\n\t\t\t\t<\/div>\n\t\t\t\t\t<\/div>\n\t\t\t\t<\/div>\n\t\t\t\t<div class=\"elementor-element elementor-element-1163c75 elementor-view-default elementor-widget elementor-widget-icon\" data-id=\"1163c75\" data-element_type=\"widget\" data-e-type=\"widget\" data-widget_type=\"icon.default\">\n\t\t\t\t<div class=\"elementor-widget-container\">\n\t\t\t\t\t\t\t<div class=\"elementor-icon-wrapper\">\n\t\t\t<div class=\"elementor-icon\">\n\t\t\t<svg xmlns=\"http:\/\/www.w3.org\/2000\/svg\" xmlns:xlink=\"http:\/\/www.w3.org\/1999\/xlink\" id=\"Layer_1\" x=\"0px\" y=\"0px\" viewBox=\"0 0 57.46 46.61\" style=\"enable-background:new 0 0 57.46 46.61;\" xml:space=\"preserve\"><style type=\"text\/css\">\t.st0{fill:#1D1D1B;}<\/style><g>\t<rect y=\"19.55\" class=\"st0\" width=\"52.21\" height=\"7.5\"><\/rect>\t\t\t<rect x=\"39.4\" y=\"-2.17\" transform=\"matrix(0.7071 -0.7071 0.7071 0.7071 2.5253 34.7034)\" class=\"st0\" width=\"7.5\" height=\"32.96\"><\/rect>\t\t\t<rect x=\"26.68\" y=\"28.55\" transform=\"matrix(0.7071 -0.7071 0.7071 0.7071 -10.2026 39.9754)\" class=\"st0\" width=\"32.96\" height=\"7.5\"><\/rect><\/g><\/svg>\t\t\t<\/div>\n\t\t<\/div>\n\t\t\t\t\t\t<\/div>\n\t\t\t\t<\/div>\n\t\t\t\t<\/a>\n\t\t<div class=\"elementor-element elementor-element-a4076ad e-con-full elementor-hidden-mobile e-flex e-con e-child\" data-id=\"a4076ad\" data-element_type=\"container\" data-e-type=\"container\" data-settings=\"{&quot;background_background&quot;:&quot;classic&quot;}\">\n\t\t\t\t<\/div>\n\t\t\t\t\t<\/div>\n\t\t\t\t<\/div>\n\t\t<div class=\"elementor-element elementor-element-9701a49 e-flex e-con-boxed e-con e-parent\" data-id=\"9701a49\" data-element_type=\"container\" data-e-type=\"container\" data-settings=\"{&quot;background_background&quot;:&quot;classic&quot;}\">\n\t\t\t\t\t<div class=\"e-con-inner\">\n\t\t<div class=\"elementor-element elementor-element-a699571 e-con-full elementor-hidden-mobile e-flex e-con e-child\" data-id=\"a699571\" data-element_type=\"container\" data-e-type=\"container\" data-settings=\"{&quot;background_background&quot;:&quot;classic&quot;}\">\n\t\t\t\t<\/div>\n\t\t<a class=\"elementor-element elementor-element-f6f3764 e-con-full e-flex e-con e-child\" data-id=\"f6f3764\" data-element_type=\"container\" data-e-type=\"container\" data-settings=\"{&quot;background_background&quot;:&quot;classic&quot;}\" href=\"http:\/\/stowarzyszeniemost.pl\/index.php\/plenermuzealny\/\">\n\t\t<div class=\"elementor-element elementor-element-d2c8a0e e-flex e-con-boxed e-con e-child\" data-id=\"d2c8a0e\" data-element_type=\"container\" data-e-type=\"container\">\n\t\t\t\t\t<div class=\"e-con-inner\">\n\t\t\t\t<div class=\"elementor-element elementor-element-ba4c894 elementor-widget elementor-widget-heading\" data-id=\"ba4c894\" data-element_type=\"widget\" data-e-type=\"widget\" data-widget_type=\"heading.default\">\n\t\t\t\t<div class=\"elementor-widget-container\">\n\t\t\t\t\t<h5 class=\"elementor-heading-title elementor-size-default\">PLENER MUZEALNY<\/h5>\t\t\t\t<\/div>\n\t\t\t\t<\/div>\n\t\t\t\t<div class=\"elementor-element elementor-element-79dc79b elementor-widget elementor-widget-text-editor\" data-id=\"79dc79b\" data-element_type=\"widget\" data-e-type=\"widget\" data-widget_type=\"text-editor.default\">\n\t\t\t\t<div class=\"elementor-widget-container\">\n\t\t\t\t\t\t\t\t\t<p>Zachowanie historycznych prz\u0119se\u0142 mostu kolejowego i powstanie w jednym z nich ekspozycji muzealnej inspiruje do tworzenia nowej przestrzeni kulturalno-rozrywkowej, przyci\u0105gaj\u0105cej licznych mieszka\u0144c\u00f3w miasta<\/p>\t\t\t\t\t\t\t\t<\/div>\n\t\t\t\t<\/div>\n\t\t\t\t\t<\/div>\n\t\t\t\t<\/div>\n\t\t\t\t<div class=\"elementor-element elementor-element-1e884a2 elementor-view-default elementor-widget elementor-widget-icon\" data-id=\"1e884a2\" data-element_type=\"widget\" data-e-type=\"widget\" data-widget_type=\"icon.default\">\n\t\t\t\t<div class=\"elementor-widget-container\">\n\t\t\t\t\t\t\t<div class=\"elementor-icon-wrapper\">\n\t\t\t<div class=\"elementor-icon\">\n\t\t\t<svg xmlns=\"http:\/\/www.w3.org\/2000\/svg\" xmlns:xlink=\"http:\/\/www.w3.org\/1999\/xlink\" id=\"Layer_1\" x=\"0px\" y=\"0px\" viewBox=\"0 0 57.46 46.61\" style=\"enable-background:new 0 0 57.46 46.61;\" xml:space=\"preserve\"><style type=\"text\/css\">\t.st0{fill:#1D1D1B;}<\/style><g>\t<rect y=\"19.55\" class=\"st0\" width=\"52.21\" height=\"7.5\"><\/rect>\t\t\t<rect x=\"39.4\" y=\"-2.17\" transform=\"matrix(0.7071 -0.7071 0.7071 0.7071 2.5253 34.7034)\" class=\"st0\" width=\"7.5\" height=\"32.96\"><\/rect>\t\t\t<rect x=\"26.68\" y=\"28.55\" transform=\"matrix(0.7071 -0.7071 0.7071 0.7071 -10.2026 39.9754)\" class=\"st0\" width=\"32.96\" height=\"7.5\"><\/rect><\/g><\/svg>\t\t\t<\/div>\n\t\t<\/div>\n\t\t\t\t\t\t<\/div>\n\t\t\t\t<\/div>\n\t\t\t\t<\/a>\n\t\t<a class=\"elementor-element elementor-element-bc1ff41 e-con-full e-flex e-con e-child\" data-id=\"bc1ff41\" data-element_type=\"container\" data-e-type=\"container\" data-settings=\"{&quot;background_background&quot;:&quot;classic&quot;}\" href=\"http:\/\/stowarzyszeniemost.pl\/index.php\/partycypacja\/\">\n\t\t<div class=\"elementor-element elementor-element-eb7b6b8 e-flex e-con-boxed e-con e-child\" data-id=\"eb7b6b8\" data-element_type=\"container\" data-e-type=\"container\">\n\t\t\t\t\t<div class=\"e-con-inner\">\n\t\t\t\t<div class=\"elementor-element elementor-element-113ba8a elementor-widget elementor-widget-heading\" data-id=\"113ba8a\" data-element_type=\"widget\" data-e-type=\"widget\" data-widget_type=\"heading.default\">\n\t\t\t\t<div class=\"elementor-widget-container\">\n\t\t\t\t\t<h5 class=\"elementor-heading-title elementor-size-default\">M\u00d3J UDZIA\u0141 W NASZYM MIE\u015aCIE<\/h5>\t\t\t\t<\/div>\n\t\t\t\t<\/div>\n\t\t\t\t<div class=\"elementor-element elementor-element-d81dadb elementor-widget elementor-widget-text-editor\" data-id=\"d81dadb\" data-element_type=\"widget\" data-e-type=\"widget\" data-widget_type=\"text-editor.default\">\n\t\t\t\t<div class=\"elementor-widget-container\">\n\t\t\t\t\t\t\t\t\t<p>Chcemy by mieszka\u0144cy mieli realny wp\u0142yw na dzia\u0142ania w\u0142adz miasta, dlatego podejmujemy dzia\u0142ania na rzecz partycypacji spo\u0142ecznej. Zapytali\u015bmy mieszka\u0144c\u00f3w miasta, w tym przemysk\u0105 m\u0142odzie\u017c jak potrzegaj\u0105 Wybrze\u017ce Nadsa\u0144skie.<\/p>\t\t\t\t\t\t\t\t<\/div>\n\t\t\t\t<\/div>\n\t\t\t\t\t<\/div>\n\t\t\t\t<\/div>\n\t\t\t\t<div class=\"elementor-element elementor-element-3e69361 elementor-view-default elementor-widget elementor-widget-icon\" data-id=\"3e69361\" data-element_type=\"widget\" data-e-type=\"widget\" data-widget_type=\"icon.default\">\n\t\t\t\t<div class=\"elementor-widget-container\">\n\t\t\t\t\t\t\t<div class=\"elementor-icon-wrapper\">\n\t\t\t<div class=\"elementor-icon\">\n\t\t\t<svg xmlns=\"http:\/\/www.w3.org\/2000\/svg\" xmlns:xlink=\"http:\/\/www.w3.org\/1999\/xlink\" id=\"Layer_1\" x=\"0px\" y=\"0px\" viewBox=\"0 0 57.46 46.61\" style=\"enable-background:new 0 0 57.46 46.61;\" xml:space=\"preserve\"><style type=\"text\/css\">\t.st0{fill:#1D1D1B;}<\/style><g>\t<rect y=\"19.55\" class=\"st0\" width=\"52.21\" height=\"7.5\"><\/rect>\t\t\t<rect x=\"39.4\" y=\"-2.17\" transform=\"matrix(0.7071 -0.7071 0.7071 0.7071 2.5253 34.7034)\" class=\"st0\" width=\"7.5\" height=\"32.96\"><\/rect>\t\t\t<rect x=\"26.68\" y=\"28.55\" transform=\"matrix(0.7071 -0.7071 0.7071 0.7071 -10.2026 39.9754)\" class=\"st0\" width=\"32.96\" height=\"7.5\"><\/rect><\/g><\/svg>\t\t\t<\/div>\n\t\t<\/div>\n\t\t\t\t\t\t<\/div>\n\t\t\t\t<\/div>\n\t\t\t\t<\/a>\n\t\t<div class=\"elementor-element elementor-element-d79dbea e-con-full elementor-hidden-mobile e-flex e-con e-child\" data-id=\"d79dbea\" data-element_type=\"container\" data-e-type=\"container\" data-settings=\"{&quot;background_background&quot;:&quot;classic&quot;}\">\n\t\t\t\t<\/div>\n\t\t\t\t\t<\/div>\n\t\t\t\t<\/div>\n\t\t<div class=\"elementor-element elementor-element-c33b266 e-flex e-con-boxed e-con e-parent\" data-id=\"c33b266\" data-element_type=\"container\" data-e-type=\"container\">\n\t\t\t\t\t<div class=\"e-con-inner\">\n\t\t\t\t\t<\/div>\n\t\t\t\t<\/div>\n\t\t\t\t<\/div>\n\t\t","protected":false},"excerpt":{"rendered":"<p>MIASTO TO CO\u015a WI\u0118CEJ NI\u017b PUNKT NA MAPIE. TO PRZEDE WSZYSTKIM, MY, JEGO MIESZKA\u0143CY. OD NAS, OD NASZEGO ZAANGA\u017bOWANIA, ZALE\u017bY JAKO\u015a\u0106 \u017bYCIA I ROZW\u00d3J WSP\u00d3LNOTY, KT\u00d3R\u0104 TWORZYMY. NOWE WYBRZE\u017bE Spo\u0142eczna koncepcja organizacji ruchu i rewitalizacji Wybrze\u017ca. W ca\u0142ej naszej walce o Wybrze\u017ce chodzi bowiem przede wszystkim o to, by mogli Pa\u0144stwo zobaczy\u0107, wypowiedzie\u0107 si\u0119, oceni\u0107 [&hellip;]<\/p>\n","protected":false},"author":1,"featured_media":0,"parent":0,"menu_order":0,"comment_status":"closed","ping_status":"closed","template":"elementor_header_footer","meta":{"footnotes":""},"class_list":["post-22","page","type-page","status-publish","hentry"],"_links":{"self":[{"href":"https:\/\/stowarzyszeniemost.pl\/index.php\/wp-json\/wp\/v2\/pages\/22","targetHints":{"allow":["GET"]}}],"collection":[{"href":"https:\/\/stowarzyszeniemost.pl\/index.php\/wp-json\/wp\/v2\/pages"}],"about":[{"href":"https:\/\/stowarzyszeniemost.pl\/index.php\/wp-json\/wp\/v2\/types\/page"}],"author":[{"embeddable":true,"href":"https:\/\/stowarzyszeniemost.pl\/index.php\/wp-json\/wp\/v2\/users\/1"}],"replies":[{"embeddable":true,"href":"https:\/\/stowarzyszeniemost.pl\/index.php\/wp-json\/wp\/v2\/comments?post=22"}],"version-history":[{"count":311,"href":"https:\/\/stowarzyszeniemost.pl\/index.php\/wp-json\/wp\/v2\/pages\/22\/revisions"}],"predecessor-version":[{"id":2565,"href":"https:\/\/stowarzyszeniemost.pl\/index.php\/wp-json\/wp\/v2\/pages\/22\/revisions\/2565"}],"wp:attachment":[{"href":"https:\/\/stowarzyszeniemost.pl\/index.php\/wp-json\/wp\/v2\/media?parent=22"}],"curies":[{"name":"wp","href":"https:\/\/api.w.org\/{rel}","templated":true}]}}